{"id":1982,"date":"2023-02-20T10:37:17","date_gmt":"2023-02-20T09:37:17","guid":{"rendered":"https:\/\/inxpert.fr\/politique-de-confidentialite\/"},"modified":"2023-05-16T13:41:05","modified_gmt":"2023-05-16T12:41:05","slug":"politique-de-confidentialite","status":"publish","type":"page","link":"https:\/\/inxpert.fr\/en\/politique-de-confidentialite\/","title":{"rendered":"Politique de confidentialit\u00e9"},"content":{"rendered":"\t\t<div data-elementor-type=\"wp-page\" data-elementor-id=\"1982\" class=\"elementor elementor-1982 elementor-1742\" data-elementor-post-type=\"page\">\n\t\t\t\t\t\t<section class=\"elementor-section elementor-top-section elementor-element elementor-element-a7124c6 elementor-section-full_width elementor-section-height-min-height elementor-section-height-default elementor-section-items-middle\" data-id=\"a7124c6\" data-element_type=\"section\" data-settings=\"{&quot;background_background&quot;:&quot;classic&quot;,&quot;background_motion_fx_motion_fx_scrolling&quot;:&quot;yes&quot;,&quot;background_motion_fx_devices&quot;:[&quot;desktop&quot;,&quot;laptop&quot;,&quot;tablet&quot;,&quot;mobile&quot;]}\">\n\t\t\t\t\t\t\t<div class=\"elementor-background-overlay\"><\/div>\n\t\t\t\t\t\t\t<div class=\"elementor-container elementor-column-gap-default\">\n\t\t\t\t\t<div class=\"elementor-column elementor-col-100 elementor-top-column elementor-element elementor-element-8108284\" data-id=\"8108284\" data-element_type=\"column\">\n\t\t\t<div class=\"elementor-widget-wrap elementor-element-populated\">\n\t\t\t\t\t\t<div class=\"elementor-element elementor-element-a74f66e elementor-widget elementor-widget-heading\" data-id=\"a74f66e\" data-element_type=\"widget\" data-widget_type=\"heading.default\">\n\t\t\t\t\t<h2 class=\"elementor-heading-title elementor-size-default\">Politique de confidentialit\u00e9<\/h2>\t\t\t\t<\/div>\n\t\t\t\t\t<\/div>\n\t\t<\/div>\n\t\t\t\t\t<\/div>\n\t\t<\/section>\n\t\t<div class=\"elementor-element elementor-element-e879b3f e-flex e-con-boxed e-con e-parent\" data-id=\"e879b3f\" data-element_type=\"container\">\n\t\t\t\t\t<div class=\"e-con-inner\">\n\t\t\t\t<div class=\"elementor-element elementor-element-d3ee745 elementor-widget elementor-widget-text-editor\" data-id=\"d3ee745\" data-element_type=\"widget\" data-widget_type=\"text-editor.default\">\n\t\t\t\t\t\t\t\t\t<h3>Traces utilisateurs (cookies)<\/h3>\n<p>L\u2019utilisateur est inform\u00e9 que, lors de ses visites sur le site, un \u00ab cookie \u00bb (t\u00e9moin de connexion sous forme de petit fichier envoy\u00e9 sur le disque dur de l\u2019ordinateur de l\u2019utilisateur) peut s\u2019installer automatiquement et \u00eatre conserv\u00e9 temporairement en m\u00e9moire ou sur son disque dur.<br \/>Nous utilisons un outil de gestion des cookies qui vous permet d&#8217;accepter ou de d\u00e9sactiver l\u2019utilisation des cookies lors de votre arriv\u00e9e sur le site.<br \/>Les utilisateurs du site pourront \u00e9galement s\u2019opposer \u00e0 l\u2019enregistrement de ces cookies en configurant le navigateur install\u00e9 sur leur syst\u00e8me, pour \u00eatre averti de l\u2019arriv\u00e9e d\u2019un cookie et pour pouvoir le refuser. Les \u00ab cookies \u00bb exploit\u00e9s sur ce site ne seront exploit\u00e9s qu\u2019aux seules fins d\u2019analyse et d\u2019optimisation du site par la soci\u00e9t\u00e9 INXPERT SAS , qui s\u2019engage \u00e0 n\u2019en faire aucune autre utilisation.<\/p>\n<p>Attention : tout param\u00e9trage est susceptible de modifier votre navigation sur Internet et vos conditions d&#8217;acc\u00e8s \u00e0 certains services n\u00e9cessitant l&#8217;utilisation de cookies. Nous d\u00e9clinons toute responsabilit\u00e9 s\u2019agissant des cons\u00e9quences li\u00e9es au fonctionnement d\u00e9grad\u00e9 de nos services (reconnaissance du type de navigateur utilis\u00e9 par votre terminal ou ses param\u00e8tres de langue par exemple) r\u00e9sultant de l&#8217;impossibilit\u00e9 d&#8217;enregistrer ou de consulter les cookies n\u00e9cessaires \u00e0 leur fonctionnement et que vous auriez refus\u00e9s ou supprim\u00e9s.<\/p>\n<h3 data-fontsize=\"32\" data-lineheight=\"41.6px\">Donn\u00e9es personnelles<\/h3>\n<p>se r\u00e9f\u00e9rer \u00e0 <a href=\"https:\/\/inxpert.fr\/mentions-legales\/\">Mentions l\u00e9gales<\/a> <\/p>\n\t\t\t\t\t\t\t\t<\/div>\n\t\t\t\t\t<\/div>\n\t\t\t\t<\/div>\n\t\t\t\t<\/div>\n\t\t","protected":false},"excerpt":{"rendered":"<p>Traces utilisateurs (cookies) L\u2019utilisateur est inform\u00e9 que, lors de ses visites sur le site, un \u00ab cookie \u00bb (t\u00e9moin de connexion sous forme de petit fichier envoy\u00e9 sur le disque dur de l\u2019ordinateur de l\u2019utilisateur) peut s\u2019installer automatiquement et \u00eatre conserv\u00e9 temporairement en m\u00e9moire ou sur son disque dur.Nous utilisons un outil de gestion des [&hellip;]<\/p>\n","protected":false},"author":2,"featured_media":0,"parent":0,"menu_order":0,"comment_status":"closed","ping_status":"closed","template":"","meta":{"_acf_changed":false,"footnotes":""},"class_list":["post-1982","page","type-page","status-publish","hentry"],"acf":[],"yoast_head":"<!-- This site is optimized with the Yoast SEO plugin v26.3 - https:\/\/yoast.com\/wordpress\/plugins\/seo\/ -->\n<title>Politique de confidentialit\u00e9 - inXpert Aerospace Consulting &amp; Services<\/title>\n<meta name=\"robots\" content=\"index, follow, max-snippet:-1, max-image-preview:large, max-video-preview:-1\" \/>\n<link rel=\"canonical\" href=\"https:\/\/inxpert.fr\/en\/politique-de-confidentialite\/\" \/>\n<meta property=\"og:locale\" content=\"en_US\" \/>\n<meta property=\"og:type\" content=\"article\" \/>\n<meta property=\"og:title\" content=\"Politique de confidentialit\u00e9 - inXpert Aerospace Consulting &amp; Services\" \/>\n<meta property=\"og:description\" content=\"Traces utilisateurs (cookies) L\u2019utilisateur est inform\u00e9 que, lors de ses visites sur le site, un \u00ab cookie \u00bb (t\u00e9moin de connexion sous forme de petit fichier envoy\u00e9 sur le disque dur de l\u2019ordinateur de l\u2019utilisateur) peut s\u2019installer automatiquement et \u00eatre conserv\u00e9 temporairement en m\u00e9moire ou sur son disque dur.Nous utilisons un outil de gestion des [&hellip;]\" \/>\n<meta property=\"og:url\" content=\"https:\/\/inxpert.fr\/en\/politique-de-confidentialite\/\" \/>\n<meta property=\"og:site_name\" content=\"inXpert Aerospace Consulting &amp; Services\" \/>\n<meta property=\"article:modified_time\" content=\"2023-05-16T12:41:05+00:00\" \/>\n<meta property=\"og:image\" content=\"https:\/\/inxpert.fr\/wp-content\/uploads\/2023\/01\/iStock-954770758.jpg\" \/>\n\t<meta property=\"og:image:width\" content=\"509\" \/>\n\t<meta property=\"og:image:height\" content=\"340\" \/>\n\t<meta property=\"og:image:type\" content=\"image\/jpeg\" \/>\n<meta name=\"twitter:card\" content=\"summary_large_image\" \/>\n<!-- \/ Yoast SEO plugin. -->","yoast_head_json":{"title":"Politique de confidentialit\u00e9 - inXpert Aerospace Consulting &amp; Services","robots":{"index":"index","follow":"follow","max-snippet":"max-snippet:-1","max-image-preview":"max-image-preview:large","max-video-preview":"max-video-preview:-1"},"canonical":"https:\/\/inxpert.fr\/en\/politique-de-confidentialite\/","og_locale":"en_US","og_type":"article","og_title":"Politique de confidentialit\u00e9 - inXpert Aerospace Consulting &amp; Services","og_description":"Traces utilisateurs (cookies) L\u2019utilisateur est inform\u00e9 que, lors de ses visites sur le site, un \u00ab cookie \u00bb (t\u00e9moin de connexion sous forme de petit fichier envoy\u00e9 sur le disque dur de l\u2019ordinateur de l\u2019utilisateur) peut s\u2019installer automatiquement et \u00eatre conserv\u00e9 temporairement en m\u00e9moire ou sur son disque dur.Nous utilisons un outil de gestion des [&hellip;]","og_url":"https:\/\/inxpert.fr\/en\/politique-de-confidentialite\/","og_site_name":"inXpert Aerospace Consulting &amp; Services","article_modified_time":"2023-05-16T12:41:05+00:00","og_image":[{"width":509,"height":340,"url":"https:\/\/inxpert.fr\/wp-content\/uploads\/2023\/01\/iStock-954770758.jpg","type":"image\/jpeg"}],"twitter_card":"summary_large_image","schema":{"@context":"https:\/\/schema.org","@graph":[{"@type":"WebPage","@id":"https:\/\/inxpert.fr\/en\/politique-de-confidentialite\/","url":"https:\/\/inxpert.fr\/en\/politique-de-confidentialite\/","name":"Politique de confidentialit\u00e9 - inXpert Aerospace Consulting &amp; Services","isPartOf":{"@id":"https:\/\/inxpert.fr\/en\/#website"},"datePublished":"2023-02-20T09:37:17+00:00","dateModified":"2023-05-16T12:41:05+00:00","breadcrumb":{"@id":"https:\/\/inxpert.fr\/en\/politique-de-confidentialite\/#breadcrumb"},"inLanguage":"en-US","potentialAction":[{"@type":"ReadAction","target":["https:\/\/inxpert.fr\/en\/politique-de-confidentialite\/"]}]},{"@type":"BreadcrumbList","@id":"https:\/\/inxpert.fr\/en\/politique-de-confidentialite\/#breadcrumb","itemListElement":[{"@type":"ListItem","position":1,"name":"Accueil","item":"https:\/\/inxpert.fr\/en\/"},{"@type":"ListItem","position":2,"name":"Politique de confidentialit\u00e9"}]},{"@type":"WebSite","@id":"https:\/\/inxpert.fr\/en\/#website","url":"https:\/\/inxpert.fr\/en\/","name":"inXpert Aerospace Consulting &amp; Services","description":"Program management Supply Chain services for Aerospace, Defence and Mobility industries","publisher":{"@id":"https:\/\/inxpert.fr\/en\/#organization"},"potentialAction":[{"@type":"SearchAction","target":{"@type":"EntryPoint","urlTemplate":"https:\/\/inxpert.fr\/en\/?s={search_term_string}"},"query-input":{"@type":"PropertyValueSpecification","valueRequired":true,"valueName":"search_term_string"}}],"inLanguage":"en-US"},{"@type":"Organization","@id":"https:\/\/inxpert.fr\/en\/#organization","name":"In'xpert","url":"https:\/\/inxpert.fr\/en\/","logo":{"@type":"ImageObject","inLanguage":"en-US","@id":"https:\/\/inxpert.fr\/en\/#\/schema\/logo\/image\/","url":"http:\/\/inxpert.fr\/wp-content\/uploads\/2023\/01\/logo-inXpert-F46524-sans-fond.png","contentUrl":"http:\/\/inxpert.fr\/wp-content\/uploads\/2023\/01\/logo-inXpert-F46524-sans-fond.png","width":425,"height":142,"caption":"In'xpert"},"image":{"@id":"https:\/\/inxpert.fr\/en\/#\/schema\/logo\/image\/"},"sameAs":["https:\/\/www.linkedin.com\/in\/oliviermas-inxpert\/"]}]}},"_links":{"self":[{"href":"https:\/\/inxpert.fr\/en\/wp-json\/wp\/v2\/pages\/1982","targetHints":{"allow":["GET"]}}],"collection":[{"href":"https:\/\/inxpert.fr\/en\/wp-json\/wp\/v2\/pages"}],"about":[{"href":"https:\/\/inxpert.fr\/en\/wp-json\/wp\/v2\/types\/page"}],"author":[{"embeddable":true,"href":"https:\/\/inxpert.fr\/en\/wp-json\/wp\/v2\/users\/2"}],"replies":[{"embeddable":true,"href":"https:\/\/inxpert.fr\/en\/wp-json\/wp\/v2\/comments?post=1982"}],"version-history":[{"count":0,"href":"https:\/\/inxpert.fr\/en\/wp-json\/wp\/v2\/pages\/1982\/revisions"}],"wp:attachment":[{"href":"https:\/\/inxpert.fr\/en\/wp-json\/wp\/v2\/media?parent=1982"}],"curies":[{"name":"wp","href":"https:\/\/api.w.org\/{rel}","templated":true}]}}