{"id":1980,"date":"2023-02-20T10:30:19","date_gmt":"2023-02-20T09:30:19","guid":{"rendered":"https:\/\/inxpert.fr\/mentions-legales\/"},"modified":"2023-05-16T13:40:38","modified_gmt":"2023-05-16T12:40:38","slug":"mentions-legales","status":"publish","type":"page","link":"https:\/\/inxpert.fr\/en\/mentions-legales\/","title":{"rendered":"Mentions l\u00e9gales"},"content":{"rendered":"\t\t<div data-elementor-type=\"wp-page\" data-elementor-id=\"1980\" class=\"elementor elementor-1980 elementor-1736\" data-elementor-post-type=\"page\">\n\t\t\t\t\t\t<section class=\"elementor-section elementor-top-section elementor-element elementor-element-0cc5c74 elementor-section-full_width elementor-section-height-min-height elementor-section-height-default elementor-section-items-middle\" data-id=\"0cc5c74\" data-element_type=\"section\" data-settings=\"{&quot;background_background&quot;:&quot;classic&quot;,&quot;background_motion_fx_motion_fx_scrolling&quot;:&quot;yes&quot;,&quot;background_motion_fx_devices&quot;:[&quot;desktop&quot;,&quot;laptop&quot;,&quot;tablet&quot;,&quot;mobile&quot;]}\">\n\t\t\t\t\t\t\t<div class=\"elementor-background-overlay\"><\/div>\n\t\t\t\t\t\t\t<div class=\"elementor-container elementor-column-gap-default\">\n\t\t\t\t\t<div class=\"elementor-column elementor-col-100 elementor-top-column elementor-element elementor-element-9e809b9\" data-id=\"9e809b9\" data-element_type=\"column\">\n\t\t\t<div class=\"elementor-widget-wrap elementor-element-populated\">\n\t\t\t\t\t\t<div class=\"elementor-element elementor-element-2a172a5 elementor-widget elementor-widget-heading\" data-id=\"2a172a5\" data-element_type=\"widget\" data-widget_type=\"heading.default\">\n\t\t\t\t\t<h2 class=\"elementor-heading-title elementor-size-default\">Mentions l\u00e9gales<\/h2>\t\t\t\t<\/div>\n\t\t\t\t\t<\/div>\n\t\t<\/div>\n\t\t\t\t\t<\/div>\n\t\t<\/section>\n\t\t<div class=\"elementor-element elementor-element-84fac37 e-flex e-con-boxed e-con e-parent\" data-id=\"84fac37\" data-element_type=\"container\">\n\t\t\t\t\t<div class=\"e-con-inner\">\n\t\t\t\t<div class=\"elementor-element elementor-element-08ad630 elementor-widget elementor-widget-text-editor\" data-id=\"08ad630\" data-element_type=\"widget\" data-widget_type=\"text-editor.default\">\n\t\t\t\t\t\t\t\t\t<p>Le site <a href=\"https:\/\/inxpert.fr\/en\/\">https:\/\/inxpert.fr\/<\/a> est \u00e9dit\u00e9 par<\/p>\n<p>INXPERT S.A.S. au capital de 5 100 \u20ac &#8211; 921 722 252 R.C.S. Pau (64) \u2013 N\u00b0 TVA : FR 87 921 722 252 \u2013 Si\u00e8ge social : 12 rue des Aigrettes, 64110 Uzos, France<\/p>\n<p>RESPONSABLE DE PUBLICATION<br \/>In&#8217;xpert SAS<br \/>Olivier Mas<\/p>\n<p>H\u00c9BERGEMENT<br \/>Hostinger International Ltd., a Cyprus private limited company, registered address 61 Lordou Vironos str., 6023 Larnaca, Cyprus.<\/p>\n<p>Ce site respecte le droit d\u2019auteur. Tous les droits des auteurs des \u0153uvres prot\u00e9g\u00e9es reproduites et communiqu\u00e9es sur ce site, sont r\u00e9serv\u00e9s. Sauf autorisation, toute utilisation des \u0153uvres autres que la reproduction et la consultation individuelles et priv\u00e9es sont interdites.<\/p>\n<p>DONN\u00c9ES PERSONNELLES<\/p>\n<p>1\/ NATURE DES DONN\u00c9ES PERSONNELLES<br \/>Les informations recueillies sont :<\/p>\n<p>L\u2019enregistrement volontaire de votre adresse mail nous autorisant \u00e0 vous envoyer nos newsletters et nos offres promotionnelles.<br \/>Les donn\u00e9es provenant des formulaires de contact ou de demande de devis (nom, pr\u00e9nom, adresse, t\u00e9l\u00e9phone, mail, soci\u00e9t\u00e9 \u2026).<\/p>\n<p>2\/ UTILISATION DES DONN\u00c9ES<br \/>Les informations recueillies nous permettent :<\/p>\n<p>De vous envoyer nos newsletters et nos offres promotionnelles.<br \/>En aucun cas vos donn\u00e9es personnelles ne sont transmis \u00e0 un tiers.<\/p>\n<p>Conform\u00e9ment \u00e0 la loi \u00ab informatique et libert\u00e9s \u00bb du 6 janvier 1978 modifi\u00e9e en 2004, vous b\u00e9n\u00e9ficiez d\u2019un droit d\u2019acc\u00e8s et de rectification aux informations qui vous concernent, que vous pouvez exercer en nous adressant un mail via le formulaire de contact ou en \u00e9crivant \u00e0 INXPERT SAS \u2013 Olivier Mas \u2013 12 rue des Aigrettes 64110 uzos, France.<\/p>\n<p>Vous pouvez \u00e9galement, pour des motifs l\u00e9gitimes, vous opposer au traitement des donn\u00e9es vous concernant.<\/p>\n<p>Credit photos: Freepik, Unsplash, Istock<\/p>\n\t\t\t\t\t\t\t\t<\/div>\n\t\t\t\t\t<\/div>\n\t\t\t\t<\/div>\n\t\t\t\t<\/div>\n\t\t","protected":false},"excerpt":{"rendered":"<p>Le site https:\/\/inxpert.fr\/ est \u00e9dit\u00e9 par INXPERT S.A.S. au capital de 5 100 \u20ac &#8211; 921 722 252 R.C.S. Pau (64) \u2013 N\u00b0 TVA : FR 87 921 722 252 \u2013 Si\u00e8ge social : 12 rue des Aigrettes, 64110 Uzos, France RESPONSABLE DE PUBLICATIONIn&#8217;xpert SASOlivier Mas H\u00c9BERGEMENTHostinger International Ltd., a Cyprus private limited company, registered [&hellip;]<\/p>\n","protected":false},"author":2,"featured_media":0,"parent":0,"menu_order":0,"comment_status":"closed","ping_status":"closed","template":"","meta":{"_acf_changed":false,"footnotes":""},"class_list":["post-1980","page","type-page","status-publish","hentry"],"acf":[],"yoast_head":"<!-- This site is optimized with the Yoast SEO plugin v26.3 - https:\/\/yoast.com\/wordpress\/plugins\/seo\/ -->\n<title>Mentions l\u00e9gales - inXpert Aerospace Consulting &amp; Services<\/title>\n<meta name=\"robots\" content=\"index, follow, max-snippet:-1, max-image-preview:large, max-video-preview:-1\" \/>\n<link rel=\"canonical\" href=\"https:\/\/inxpert.fr\/en\/mentions-legales\/\" \/>\n<meta property=\"og:locale\" content=\"en_US\" \/>\n<meta property=\"og:type\" content=\"article\" \/>\n<meta property=\"og:title\" content=\"Mentions l\u00e9gales - inXpert Aerospace Consulting &amp; Services\" \/>\n<meta property=\"og:description\" content=\"Le site https:\/\/inxpert.fr\/ est \u00e9dit\u00e9 par INXPERT S.A.S. au capital de 5 100 \u20ac &#8211; 921 722 252 R.C.S. Pau (64) \u2013 N\u00b0 TVA : FR 87 921 722 252 \u2013 Si\u00e8ge social : 12 rue des Aigrettes, 64110 Uzos, France RESPONSABLE DE PUBLICATIONIn&#8217;xpert SASOlivier Mas H\u00c9BERGEMENTHostinger International Ltd., a Cyprus private limited company, registered [&hellip;]\" \/>\n<meta property=\"og:url\" content=\"https:\/\/inxpert.fr\/en\/mentions-legales\/\" \/>\n<meta property=\"og:site_name\" content=\"inXpert Aerospace Consulting &amp; Services\" \/>\n<meta property=\"article:modified_time\" content=\"2023-05-16T12:40:38+00:00\" \/>\n<meta property=\"og:image\" content=\"https:\/\/inxpert.fr\/wp-content\/uploads\/2023\/01\/iStock-954770758.jpg\" \/>\n\t<meta property=\"og:image:width\" content=\"509\" \/>\n\t<meta property=\"og:image:height\" content=\"340\" \/>\n\t<meta property=\"og:image:type\" content=\"image\/jpeg\" \/>\n<meta name=\"twitter:card\" content=\"summary_large_image\" \/>\n<!-- \/ Yoast SEO plugin. -->","yoast_head_json":{"title":"Mentions l\u00e9gales - inXpert Aerospace Consulting &amp; Services","robots":{"index":"index","follow":"follow","max-snippet":"max-snippet:-1","max-image-preview":"max-image-preview:large","max-video-preview":"max-video-preview:-1"},"canonical":"https:\/\/inxpert.fr\/en\/mentions-legales\/","og_locale":"en_US","og_type":"article","og_title":"Mentions l\u00e9gales - inXpert Aerospace Consulting &amp; Services","og_description":"Le site https:\/\/inxpert.fr\/ est \u00e9dit\u00e9 par INXPERT S.A.S. au capital de 5 100 \u20ac &#8211; 921 722 252 R.C.S. Pau (64) \u2013 N\u00b0 TVA : FR 87 921 722 252 \u2013 Si\u00e8ge social : 12 rue des Aigrettes, 64110 Uzos, France RESPONSABLE DE PUBLICATIONIn&#8217;xpert SASOlivier Mas H\u00c9BERGEMENTHostinger International Ltd., a Cyprus private limited company, registered [&hellip;]","og_url":"https:\/\/inxpert.fr\/en\/mentions-legales\/","og_site_name":"inXpert Aerospace Consulting &amp; Services","article_modified_time":"2023-05-16T12:40:38+00:00","og_image":[{"width":509,"height":340,"url":"https:\/\/inxpert.fr\/wp-content\/uploads\/2023\/01\/iStock-954770758.jpg","type":"image\/jpeg"}],"twitter_card":"summary_large_image","schema":{"@context":"https:\/\/schema.org","@graph":[{"@type":"WebPage","@id":"https:\/\/inxpert.fr\/en\/mentions-legales\/","url":"https:\/\/inxpert.fr\/en\/mentions-legales\/","name":"Mentions l\u00e9gales - inXpert Aerospace Consulting &amp; Services","isPartOf":{"@id":"https:\/\/inxpert.fr\/en\/#website"},"datePublished":"2023-02-20T09:30:19+00:00","dateModified":"2023-05-16T12:40:38+00:00","breadcrumb":{"@id":"https:\/\/inxpert.fr\/en\/mentions-legales\/#breadcrumb"},"inLanguage":"en-US","potentialAction":[{"@type":"ReadAction","target":["https:\/\/inxpert.fr\/en\/mentions-legales\/"]}]},{"@type":"BreadcrumbList","@id":"https:\/\/inxpert.fr\/en\/mentions-legales\/#breadcrumb","itemListElement":[{"@type":"ListItem","position":1,"name":"Accueil","item":"https:\/\/inxpert.fr\/en\/"},{"@type":"ListItem","position":2,"name":"Mentions l\u00e9gales"}]},{"@type":"WebSite","@id":"https:\/\/inxpert.fr\/en\/#website","url":"https:\/\/inxpert.fr\/en\/","name":"inXpert Aerospace Consulting &amp; Services","description":"Program management Supply Chain services for Aerospace, Defence and Mobility industries","publisher":{"@id":"https:\/\/inxpert.fr\/en\/#organization"},"potentialAction":[{"@type":"SearchAction","target":{"@type":"EntryPoint","urlTemplate":"https:\/\/inxpert.fr\/en\/?s={search_term_string}"},"query-input":{"@type":"PropertyValueSpecification","valueRequired":true,"valueName":"search_term_string"}}],"inLanguage":"en-US"},{"@type":"Organization","@id":"https:\/\/inxpert.fr\/en\/#organization","name":"In'xpert","url":"https:\/\/inxpert.fr\/en\/","logo":{"@type":"ImageObject","inLanguage":"en-US","@id":"https:\/\/inxpert.fr\/en\/#\/schema\/logo\/image\/","url":"http:\/\/inxpert.fr\/wp-content\/uploads\/2023\/01\/logo-inXpert-F46524-sans-fond.png","contentUrl":"http:\/\/inxpert.fr\/wp-content\/uploads\/2023\/01\/logo-inXpert-F46524-sans-fond.png","width":425,"height":142,"caption":"In'xpert"},"image":{"@id":"https:\/\/inxpert.fr\/en\/#\/schema\/logo\/image\/"},"sameAs":["https:\/\/www.linkedin.com\/in\/oliviermas-inxpert\/"]}]}},"_links":{"self":[{"href":"https:\/\/inxpert.fr\/en\/wp-json\/wp\/v2\/pages\/1980","targetHints":{"allow":["GET"]}}],"collection":[{"href":"https:\/\/inxpert.fr\/en\/wp-json\/wp\/v2\/pages"}],"about":[{"href":"https:\/\/inxpert.fr\/en\/wp-json\/wp\/v2\/types\/page"}],"author":[{"embeddable":true,"href":"https:\/\/inxpert.fr\/en\/wp-json\/wp\/v2\/users\/2"}],"replies":[{"embeddable":true,"href":"https:\/\/inxpert.fr\/en\/wp-json\/wp\/v2\/comments?post=1980"}],"version-history":[{"count":0,"href":"https:\/\/inxpert.fr\/en\/wp-json\/wp\/v2\/pages\/1980\/revisions"}],"wp:attachment":[{"href":"https:\/\/inxpert.fr\/en\/wp-json\/wp\/v2\/media?parent=1980"}],"curies":[{"name":"wp","href":"https:\/\/api.w.org\/{rel}","templated":true}]}}